{"id":112892,"date":"2025-10-16T11:49:28","date_gmt":"2025-10-16T09:49:28","guid":{"rendered":"https:\/\/www.magazinauto.com\/polovniautomobili\/?page_id=112892"},"modified":"2025-10-27T10:59:32","modified_gmt":"2025-10-27T09:59:32","slug":"pravila-koriscenja-2","status":"publish","type":"page","link":"https:\/\/www.magazinauto.com\/polovniautomobili\/pravila-koriscenja-2\/","title":{"rendered":"Pravila kori\u0161\u0107enja"},"content":{"rendered":"\t\t<div data-elementor-type=\"wp-page\" data-elementor-id=\"112892\" class=\"elementor elementor-112892\" data-elementor-post-type=\"page\">\n\t\t\t\t\t\t<section class=\"elementor-section elementor-top-section elementor-element elementor-element-2c88d06d elementor-section-full_width elementor-section-height-default elementor-section-height-default\" data-id=\"2c88d06d\" data-element_type=\"section\" data-e-type=\"section\">\n\t\t\t\t\t\t<div class=\"elementor-container elementor-column-gap-default\">\n\t\t\t\t\t<div class=\"elementor-column elementor-col-100 elementor-top-column elementor-element elementor-element-cc73e7a\" data-id=\"cc73e7a\" data-element_type=\"column\" data-e-type=\"column\">\n\t\t\t<div class=\"elementor-widget-wrap elementor-element-populated\">\n\t\t\t\t\t\t<div class=\"elementor-element elementor-element-69719ea2 elementor-widget elementor-widget-text-editor\" data-id=\"69719ea2\" data-element_type=\"widget\" data-e-type=\"widget\" data-widget_type=\"text-editor.default\">\n\t\t\t\t<div class=\"elementor-widget-container\">\n\t\t\t\t\t\t\t\t\t<h2>Pravila kori\u0161\u0107enja<\/h2><h4>Auto magazin\/Auto Magazin Group d.o.o.<br \/>Sajt za ogla\u0161avanje i kupoprodaju polovnih vozila, delova i opreme je specijalizovani sajt \u201cAuto magazina\u201d<\/h4><h4><strong>\u00a0<\/strong><\/h4><p><strong>Ko smo mi?<\/strong><\/p><p>Dobrodo\u0161li na sajt\u00a0<a href=\"https:\/\/www.magazinauto.com\/\">www.magazinauto.com<\/a>\/polovniautomobili\u00a0(u daljem tekstu: Polovni automobili\u00a0i\/iliPolovni automobili powered by Auto magazin), oglasni portal u vlasni\u0161tvu\u00a0preduze\u0107a Auto Magazin Group d. o. o. (u daljem tekstu: AMG) i \u0161tampanog\u00a0izdanja \u010dasopisa \u201cAuto magazin\u201d, koji je u vlasni\u0161tvu AMG.<\/p><p>Sajt Polovni automobili (<a href=\"https:\/\/www.magazinauto.com\/polovniautomobili\">magazinauto.com<\/a>\/<a href=\"https:\/\/www.magazinauto.com\/\">polovniautomobili<\/a>) je internet sajt namenjen je za reklamiranje i ogla\u0161avanje fizi\u010dkih i pravnih lica. Osim objavljivanje oglasa za prodaju, kupovinu ili razmenu vozila, opreme, delova i ostalih roba i usluga, kao i tekstualnih PR sadr\u017eaja, na sajtu je mogu\u0107e objavljivanje i klasi\u010dnih reklamnih poruka \u2013 banera.<\/p><p>AMG vam omogu\u0107ava kori\u0161\u0107enje usluga i sadr\u017eaja svog portala pod uslovima koji se navode\u00a0u daljem tekstu. Svakim pristupom portalu magazinauto.com\/polovniautomobili ili\u00a0bilo kom njegovom delu ili podsajtovima, smatra se da je korisnik upoznat sa svim pravilima i eventualnim rizicima koji nastaju iz kori\u0161\u0107enja ovih veb\u00a0strana, ponu\u0111enih proizvoda i usluga, kao i da ih u celosti prihvata.<\/p><p>Kori\u0161\u0107enjem bilo\u00a0kog dela portala magazinauto.com\/polovniautomobili i svih njegovih delova firme\u00a0AMG, automatski prihvatate sva aktuelna pravila kori\u0161\u0107enja.\u00a0Korisnici su\u00a0du\u017eni da redovno \u010ditaju pravila kori\u0161\u0107enja, te se smatra da su korisnici\u00a0kontinuiranim kori\u0161\u0107enjem portala, ili bilo kojeg njegovog dela, u svakom\u00a0trenutku upoznati s aktuelnim pravilima kori\u0161\u0107enja, te da su ih razumeli i\u00a0prihvatili u celosti.<\/p><p><strong>Oglasni portal magazinauto.com\/polovniautomobili<\/strong><\/p><p>Preduze\u0107e Auto Magazin Group d. o. o. posetiocima u dobroj nameri obezbe\u0111uje kori\u0161\u0107enje sadr\u017eaja svog portala magazinauto.com\/polovniautomobili. Posetioci imaju pravo da koriste sadr\u017eaje navedenog portala ukoliko ne kr\u0161e pravila kori\u0161\u0107enja.<\/p><p>Portal magazinauto.com\/polovniautomobili portal sastoji se od vlastitih sadr\u017eaja, sadr\u017eaja partnera i ogla\u0161iva\u010da, besplatnih sadr\u017eaja, pla\u0107enih sadr\u017eaja, sadr\u017eaja kreiranih od strane posetilaca i linkova na spoljne stranice.<\/p><p>Magazinauto.com\/polovniautomobili sve sadr\u017eaje objavljuje u dobroj nameri. Sadr\u017eaje portala koristite na vlastitu odgovornost i vlasnik portala i saradnici magazinauto.com\/polovniautomobili se ne mogu smatrati odgovornim za bilo kakvu \u0161tetu nastalu kori\u0161\u0107enjem sajta, kupovinom na osnovu informacija objavljenih na sajtu, i\/ili drugih posledica koje ogu nastati kori\u0161\u0107enjem roba, usluga i ostalih objavljenih\u00a0 informacija.<\/p><p>Pristup portalu magazinauto.com\/polovniautomobili i svim njegovim sadr\u017eajima dozvoljen je osobama bilo kog uzrasta. Za pristup nekim delovima i uslugama na sajtu, mo\u017ee biti zatra\u017eeno ostavljanje pojedinih li\u010dnih podataka, saglasnosti ili prihvatanje politike privatnosti.<\/p><p><strong>Kupoprodajni odnosi izme\u0111u korisnika i pravne posledice<\/strong><\/p><p>Kupoprodajni odnosi, izvr\u0161enje obaveza, finansijske transakcije i ostale aktivnosti i obaveze nastale kao rezultat objavljenih informacija na portalu Polovni automobili powered by Auto magazin predstavljaju li\u010dni pravni odnos korisnika. Portal Polovni automobili powered by Auto magazin\u00a0u takvim slu\u010dajevima\u00a0ne snosi nikakvu odgovornost za ispunjenje dogovora, ugovora, pla\u0107anja, izvr\u0161enje i kvalitet roba i usluga, niti drugih obaveza izme\u0111u ugovorenih strana.<\/p><p><strong>Komentari<\/strong><\/p><p>Kada posetioci ostavljaju komentare na sajtu, prikupljamo podatke prikazane u obrascu za komentare, kao i IP adresu posetioca i string korisni\u010dkog agenta pretra\u017eiva\u010da kako bismo pomogli u otkrivanju ne\u017eeljene po\u0161te. Anonimizovani string kreiran od va\u0161e adrese e-po\u0161te (koji se naziva i he\u0161) mo\u017ee biti dostavljen Gravatar servisu da se vidi da li ga koristite. Politika privatnosti usluge Gravatar dostupna je ovde: https:\/\/automattic.com\/privacy\/. Nakon odobrenja va\u0161eg komentara, va\u0161a profilna slika je vidljiva javnosti u kontekstu va\u0161eg komentara.<\/p><p><strong>Mediji<\/strong><\/p><p>Ako otpremate slike na veb lokaciju, trebalo bi da izbegavate otpremanje slika sa uklju\u010denim podacima o lokaciji (EXIF GPS). Posetioci veb lokacije mogu da preuzmu i izvuku bilo koje podatke o lokaciji iz slika na veb lokaciji.<\/p><p><strong>Kola\u010dic\u0301i<\/strong><\/p><p>Ako ostavite komentar na na\u0161em sajtu, mo\u017eete se odlu\u010diti za \u010duvanje va\u0161eg imena, adrese e-po\u0161te i veb lokacije u kola\u010dic\u0301ima. Ovo vam daje pogodnosti, tako da ne morate ponovo da popunjavate svoje podatke kada ostavljate drugi komentar. Ovi kola\u010dic\u0301i c\u0301e trajati godinu dana. Ako posetite na\u0161u stranicu za prijavu, mi c\u0301emo postaviti privremeni kola\u010dic\u0301 da bismo utvrdili da li va\u0161 pretra\u017eiva\u010d prihvata kola\u010dic\u0301e. Ovaj kola\u010dic\u0301 ne sadr\u017ei li\u010dne podatke i odbacuje se kada zatvorite pretra\u017eiva\u010d. Kada se prijavite, tako\u0111e c\u0301emo postaviti nekoliko kola\u010dic\u0301a da bismo sa\u010duvali va\u0161e podatke za prijavu i izbor prikaza na ekranu. Kola\u010dic\u0301i za prijavu traju dva dana, a kola\u010dic\u0301i sa opcijama ekrana traju godinu dana. Ako izaberete \u201eZapamti me\u201c, va\u0161a prijava c\u0301e trajati dve nedelje. Ako se odjavite sa svog naloga, kola\u010dic\u0301i za prijavu c\u0301e biti uklonjeni. Ako izmenite ili objavite \u010dlanak, dodatni kola\u010dic\u0301 c\u0301e biti sa\u010duvan u va\u0161em pretra\u017eiva\u010du. Ovaj kola\u010dic\u0301 ne uklju\u010duje li\u010dne podatke i jednostavno ukazuje na ID posta \u010dlanka koji ste upravo uredili. Isti\u010de nakon 1 dana.<\/p><p><strong>Ugra\u0111eni sadr\u017eaj sa drugih veb lokacija<\/strong><\/p><p>\u010clanci i drugi sadr\u017eaji na ovom sajtu mogu da sadr\u017ee ugra\u0111eni sadr\u017eaj (npr. video zapise, slike, \u010dlanke itd.). Ugra\u0111eni sadr\u017eaj sa drugih veb lokacija pona\u0161a se na potpuno isti na\u010din kao da je posetilac posetio drugu veb lokaciju. Ovi veb sajtovi mogu prikupljati podatke o vama, koristiti kola\u010dic\u0301e, ugra\u0111ivati dodatno prac\u0301enje trec\u0301e strane i nadgledati va\u0161u interakciju sa tim ugra\u0111enim sadr\u017eajem, uklju\u010dujuc\u0301i prac\u0301enje va\u0161e interakcije sa ugra\u0111enim sadr\u017eajem ako imate nalog i prijavljeni ste na tu veb lokaciju.<\/p><p>Koliko dugo \u010duvamo va\u0161e podatke\u00a0Ako ostavite komentar, komentar i njegovi metapodaci se zadr\u017eavaju na neodre\u0111eno vreme. Ovo je tako da bismo mogli automatski prepoznati i odobriti sve naknadne komentare umesto da ih dr\u017eimo u redu za moderiranje i odobravanje. Za korisnike koji se registruju na na\u0161oj veb stranici (ako ih ima), tako\u0111e \u010duvamo li\u010dne podatke koje oni daju u svom korisni\u010dkom profilu. Svi korisnici mogu da vide, izmene ili izbri\u0161u svoje li\u010dne podatke u bilo kom trenutku (osim \u0161to ne mogu da promene svoje korisni\u010dko ime). Administratori veb lokacija tako\u0111e mogu da vide i ure\u0111uju te informacije.<\/p><p><strong>Koja prava imate nad svojim podacima<\/strong><\/p><p>ko imate nalog na ovom sajtu ili ste ostavili komentare, mo\u017eete zatra\u017eiti da izbri\u0161emo sve li\u010dne podatke koje imamo o vama. Ovo ne uklju\u010duje podatke koje smo u obavezi da \u010duvamo u administrativne, pravne ili bezbednosne svrhe.<\/p><p><strong>Autorska prava<\/strong><\/p><p>Portal magazinauto.com\/polovni pola\u017ee autorska prava na sve vlastite sadr\u017eaje (tekstualne, vizuelne i audio materijale, baze podataka i programerski kod). Neovla\u0161\u0107eno kori\u0161\u0107enje bilo kog dela portala smatra se kr\u0161enjem autorskih prava AMG i magazinauto.com\/polovniautomobili portala i podlo\u017eno je tu\u017ebi.<\/p><p>Neovla\u0161\u0107eno kori\u0161\u0107enje bilo kog dela portala bez dozvole vlasnika autorskih prava (Auto Magazin Group, Auto magazin, magazinauto.com, magazinauto.com-polovniautomobili partneri, korisnici) smatra se kr\u0161enjem autorskih prava i podlo\u017eno je tu\u017ebi.<\/p><p>Ukoliko smatrate da je magazinauto.com povredio va\u0161a autorska prava, slu\u010daj \u0107e biti odmah razmotren, a sporni sadr\u017eaji bi\u0107e uklonjeni odmah po eventualnom ustanovljavanju istinitosti sadr\u017eaja \u017ealbe.<\/p><p>Sadr\u017eaj koji na sajt postavljaju korisnici podrazumeva saglasnost podnosioca sadr\u017eaja za kori\u0161\u0107enje u svrhu objavljivanja, preno\u0161enja, pregleda i kori\u0161\u0107enja od strane svih posetilaca sajta, kao i potrebu obradu, preuzimanje, \u010duvanje i kori\u0161\u0107enje od strane vlasnika sajta.<\/p><p>Vlasnik sajta nije u obavezi da vrati sadr\u017eaj vlasniku koji je korisnik portala, niti da \u010duva njegova autorska prava, spre\u010dava redistribuciju niti da na bilo koji na\u010din snosi odgovornost za preuzimanje, zloupotrebu ili kopiranje postavljenog materija (tekst, fotografje, video materijal, pisane informacije) radi kori\u0161\u0107enja u druge svrhe.<\/p><p>Za istinitost svih podataka koji korisnik objavljuje, vlasni\u0161tvo autorskih prava, kao i drugih podataka koje korisnik postavlja, odgovoran je isklju\u010divo korisnik koji postavlja oglasni materijal, tekst, reklamu ili informacije. AMG nije odgovoran za kr\u0161enje propisa koji va\u017ee u navedenim oblastima.<\/p><p><strong>Preno\u0161enje sadr\u017eaja<\/strong><\/p><p>Preno\u0161enje tekstova ili delova tekstova, dozvoljeno je samo u obimu od maksimalno 500 slovnih znakova i to isklju\u010divo sa po\u010detka teksta (sadr\u017eaja),\u00a0osim u slu\u010daju kad je sa uredni\u0161tvom portala magazinauto.com\/polovniautomobili postignut dogovor o druga\u010dijim uslovima.<\/p><p>Prilikom ovakvog preno\u0161enja obavezno je navo\u0111enje izvora (<em>izvor: \u201cPolovni automobili powered ba Auto magazin\u201d<\/em>) ispod naslova, i stavljanje linka na kraju sa usmerenjem na originalni tekst, naznakom \u201cC<em>eo tekst pro\u010ditajte na sajtu \u201ePolovni automobili powered by Auto magazin\u201d: (link)<\/em>.<\/p><p>U slu\u010daju preno\u0161enja teksta, fotografija ili informacija iz teksta ili oglasa, kao i fotografija suprotno navedenim pravilima, AMG zadr\u017eava pravo da,\u00a0u skladu sa zakonom, protiv prekr\u0161ioca pokrene sudski postupak radi za\u0161tite autorskih i drugih srodnih prava i nadoknade \u0161tete.<\/p><p>Zabranjeno je pruzimanje i objavljivanje fotografija, podataka, fotografija i drugih li\u010dnih podataka koje su postavili korisnici sajta.<\/p><p><strong>Komentari posetilaca<\/strong><\/p><p>Kad je re\u010d o interaktivnim sadr\u017eajima (komentarima posetilaca), AMG zadr\u017eava pravo da ne objavi sadr\u017eaje kojima se povre\u0111uje privatnost nekog lica, uvredljive sadr\u017eaje kao i sadr\u017eaje koji su u suprotnosti sa odredbama Zakona o javnom informisanju. AMG ne odgovara za komentare posetilaca koji su odraz njihovog mi\u0161ljenja.<\/p><p><strong>Ogla\u0161avanje<\/strong><\/p><p>AMG nije odgovorna ni za kakvu \u0161tetu nastalu ogla\u0161avanjem, kupovinom, prodajom ili kori\u0161\u0107enjem roba i usluga ogla\u0161enih i reklamiranih proizvoda na svom portalu, jer se radi o poslovnom odnosu izme\u0111u posetioca portala i ogla\u0161iva\u010da.<\/p><p><strong>Linkovi na spoljne stranice<\/strong><\/p><p>Magazinauto.com\/polovni automobili sadr\u017ei linkove na veb stranice izvan vlastitog portala. Linkove objavljujemo u dobroj nameri i ne mo\u017eemo se smatrati odgovornim za sadr\u017eaje izvan portala.<\/p><p><strong>Spoljni saradnici<\/strong><\/p><p>Magazinauto.com\/polovniautomobili \u0161titi privatnost svojih korisnika u najve\u0107oj mogu\u0107oj meri i obavezuje se da \u0107e u dobroj nameri koristiti podatke dobijene od korisnika tokom kori\u0161\u0107enja portala, te da privatne podatke ne\u0107e distribuirati, niti prodavati tre\u0107oj strani, osim uz dozvolu korisnika.<\/p><p>Magazinauto.com\/polovniautomobili mo\u017ee u skladu sa zakonom prikupljati odre\u0111ene podatke o korisnicima dobijene tokom kori\u0161\u0107enja portala (isklju\u010divo podaci o ra\u010dunaru i podaci o internet provajderu) ili podatke unete u postupku registracije. Ove podatke koristimo kako bismo imali informacije o korisnicima koji ga koriste, te na taj na\u010din pobolj\u0161amo portal i njegove sadr\u017eaje dodatno usmerimo i prilagodimo publici koja ga pose\u0107uje. Na osnovu tih podataka saznajemo koji su sadr\u017eaji najpopularniji me\u0111u publikom.<\/p><p>Magazinauto.com\/polovniautombili se obavezuje da prikupljene privatne podatke, poput adrese e-po\u0161te, imena i prezimena, ne\u0107e bez dozvole svakog pojedina\u010dnog korisnika prodavati, niti distribuirati, osim kao demografskih podataka za grupu korisnika bez odavanja privatnih podataka.<\/p><p>Magazinauto.com se obavezuje da \u0107e \u010duvati privatnost korisnika portala, osim u slu\u010daju te\u0161kog kr\u0161enja pravila portala ili nezakonitih aktivnosti korisnika.<\/p><p><strong>YouTube<\/strong><\/p><p>Portali magazinauto.com i magazinauto.com\/polovniautobili objavljuju i video fajlove koji su locirani na serverima YouTube.com, na koji AMG nema niti mo\u017ee imati uticaja. Samim tim AMG nije odgovoran za sadr\u017eaje ovih video fajlova.<\/p><p><strong>Modifikovanje i promene pravila<\/strong><\/p><p>AMG i magazinauto.com\/polovniautobili zadr\u017eavaju pravo da bez najave povremeno promeni ili modifikuje pravila. O va\u017enim promenama i dopunama AMG mo\u017ee obavestiti korisnike putem e-po\u0161te ili objavljivanjem na portalu.<\/p><p>Kori\u0161\u0107enjem bilo kog sadr\u017eaja na magazinauto.com smatra se da ste upoznati sa najnovijim pravilima.<\/p>\t\t\t\t\t\t\t\t<\/div>\n\t\t\t\t<\/div>\n\t\t\t\t\t<\/div>\n\t\t<\/div>\n\t\t\t\t\t<\/div>\n\t\t<\/section>\n\t\t\t\t<section class=\"elementor-section elementor-top-section elementor-element elementor-element-f6a4ba1 elementor-section-full_width elementor-section-stretched elementor-section-height-default elementor-section-height-default\" data-id=\"f6a4ba1\" data-element_type=\"section\" data-e-type=\"section\" data-settings=\"{&quot;stretch_section&quot;:&quot;section-stretched&quot;}\">\n\t\t\t\t\t\t\t<div class=\"elementor-background-overlay\"><\/div>\n\t\t\t\t\t\t\t<div class=\"elementor-container elementor-column-gap-default\">\n\t\t\t\t\t<div class=\"elementor-column elementor-col-100 elementor-top-column elementor-element elementor-element-e210ff8\" data-id=\"e210ff8\" data-element_type=\"column\" data-e-type=\"column\">\n\t\t\t<div class=\"elementor-widget-wrap elementor-element-populated\">\n\t\t\t\t\t\t<div class=\"elementor-element elementor-element-45cd34a elementor-nav-menu__align-center elementor-nav-menu--dropdown-none elementor-widget elementor-widget-nav-menu\" data-id=\"45cd34a\" data-element_type=\"widget\" data-e-type=\"widget\" data-settings=\"{&quot;layout&quot;:&quot;horizontal&quot;,&quot;submenu_icon&quot;:{&quot;value&quot;:&quot;&lt;i class=\\&quot;fas fa-caret-down\\&quot; aria-hidden=\\&quot;true\\&quot;&gt;&lt;\\\/i&gt;&quot;,&quot;library&quot;:&quot;fa-solid&quot;}}\" data-widget_type=\"nav-menu.default\">\n\t\t\t\t<div class=\"elementor-widget-container\">\n\t\t\t\t\t\t\t\t<nav aria-label=\"Izbornik\" class=\"elementor-nav-menu--main elementor-nav-menu__container elementor-nav-menu--layout-horizontal e--pointer-underline e--animation-fade\">\n\t\t\t\t<ul id=\"menu-1-45cd34a\" class=\"elementor-nav-menu\"><li class=\"menu-item menu-item-type-post_type menu-item-object-page menu-item-115792\"><a href=\"https:\/\/www.magazinauto.com\/polovniautomobili\/marketing-i-oglasavanje\/\" class=\"elementor-item\">Marketing i ogla\u0161avanje<\/a><\/li>\n<li class=\"menu-item menu-item-type-post_type menu-item-object-page menu-item-112874\"><a href=\"https:\/\/www.magazinauto.com\/polovniautomobili\/pomoc\/\" class=\"elementor-item\">Pomo\u0107<\/a><\/li>\n<li class=\"menu-item menu-item-type-post_type menu-item-object-page menu-item-112872\"><a href=\"https:\/\/www.magazinauto.com\/polovniautomobili\/o-nama\/\" class=\"elementor-item\">O nama<\/a><\/li>\n<li class=\"menu-item menu-item-type-post_type menu-item-object-page menu-item-115791\"><a href=\"https:\/\/www.magazinauto.com\/polovniautomobili\/contact-us\/\" class=\"elementor-item\">Kontakt<\/a><\/li>\n<li class=\"menu-item menu-item-type-post_type menu-item-object-page menu-item-privacy-policy menu-item-112897\"><a rel=\"privacy-policy\" href=\"https:\/\/www.magazinauto.com\/polovniautomobili\/pravila-koriscenja-2\/\" class=\"elementor-item\">Pravila kori\u0161\u0107enja<\/a><\/li>\n<\/ul>\t\t\t<\/nav>\n\t\t\t\t\t\t<nav class=\"elementor-nav-menu--dropdown elementor-nav-menu__container\" aria-hidden=\"true\">\n\t\t\t\t<ul id=\"menu-2-45cd34a\" class=\"elementor-nav-menu\"><li class=\"menu-item menu-item-type-post_type menu-item-object-page menu-item-115792\"><a href=\"https:\/\/www.magazinauto.com\/polovniautomobili\/marketing-i-oglasavanje\/\" class=\"elementor-item\" tabindex=\"-1\">Marketing i ogla\u0161avanje<\/a><\/li>\n<li class=\"menu-item menu-item-type-post_type menu-item-object-page menu-item-112874\"><a href=\"https:\/\/www.magazinauto.com\/polovniautomobili\/pomoc\/\" class=\"elementor-item\" tabindex=\"-1\">Pomo\u0107<\/a><\/li>\n<li class=\"menu-item menu-item-type-post_type menu-item-object-page menu-item-112872\"><a href=\"https:\/\/www.magazinauto.com\/polovniautomobili\/o-nama\/\" class=\"elementor-item\" tabindex=\"-1\">O nama<\/a><\/li>\n<li class=\"menu-item menu-item-type-post_type menu-item-object-page menu-item-115791\"><a href=\"https:\/\/www.magazinauto.com\/polovniautomobili\/contact-us\/\" class=\"elementor-item\" tabindex=\"-1\">Kontakt<\/a><\/li>\n<li class=\"menu-item menu-item-type-post_type menu-item-object-page menu-item-privacy-policy menu-item-112897\"><a rel=\"privacy-policy\" href=\"https:\/\/www.magazinauto.com\/polovniautomobili\/pravila-koriscenja-2\/\" class=\"elementor-item\" tabindex=\"-1\">Pravila kori\u0161\u0107enja<\/a><\/li>\n<\/ul>\t\t\t<\/nav>\n\t\t\t\t\t\t<\/div>\n\t\t\t\t<\/div>\n\t\t\t\t\t<\/div>\n\t\t<\/div>\n\t\t\t\t\t<\/div>\n\t\t<\/section>\n\t\t\t\t<section class=\"elementor-section elementor-top-section elementor-element elementor-element-5d52e42 elementor-section-full_width elementor-section-stretched elementor-section-height-default elementor-section-height-default\" data-id=\"5d52e42\" data-element_type=\"section\" data-e-type=\"section\" data-settings=\"{&quot;stretch_section&quot;:&quot;section-stretched&quot;}\">\n\t\t\t\t\t\t\t<div class=\"elementor-background-overlay\"><\/div>\n\t\t\t\t\t\t\t<div class=\"elementor-container elementor-column-gap-default\">\n\t\t\t\t\t<div class=\"elementor-column elementor-col-100 elementor-top-column elementor-element elementor-element-70a0b84\" data-id=\"70a0b84\" data-element_type=\"column\" data-e-type=\"column\">\n\t\t\t<div class=\"elementor-widget-wrap elementor-element-populated\">\n\t\t\t\t\t\t<div class=\"elementor-element elementor-element-4f90fec elementor-widget elementor-widget-text-editor\" data-id=\"4f90fec\" data-element_type=\"widget\" data-e-type=\"widget\" data-widget_type=\"text-editor.default\">\n\t\t\t\t<div class=\"elementor-widget-container\">\n\t\t\t\t\t\t\t\t\t<div style=\"line-height: 0.5;\"><h3><span style=\"color: #ffffff;\">Auto Magazin Group<\/span><\/h3><p><span style=\"color: #ffffff;\">Polovni automobili Powered by Auto magazin<\/span><\/p><p><span style=\"color: #ffffff;\">Copyright \u00a9 2026<\/span><\/p><\/div>\t\t\t\t\t\t\t\t<\/div>\n\t\t\t\t<\/div>\n\t\t\t\t\t<\/div>\n\t\t<\/div>\n\t\t\t\t\t<\/div>\n\t\t<\/section>\n\t\t\t\t<\/div>\n\t\t","protected":false},"excerpt":{"rendered":"<p>Pravila kori\u0161\u0107enja Auto magazin\/Auto Magazin Group d.o.o.Sajt za ogla\u0161avanje i kupoprodaju polovnih vozila, delova i opreme je specijalizovani sajt \u201cAuto magazina\u201d \u00a0 Ko smo mi? Dobrodo\u0161li na sajt\u00a0www.magazinauto.com\/polovniautomobili\u00a0(u daljem tekstu: Polovni automobili\u00a0i\/iliPolovni automobili powered by Auto magazin), oglasni portal u vlasni\u0161tvu\u00a0preduze\u0107a Auto Magazin Group d. o. o. (u daljem tekstu: AMG) i \u0161tampanog\u00a0izdanja \u010dasopisa \u201cAuto&#8230;<\/p>\n","protected":false},"author":6,"featured_media":0,"parent":0,"menu_order":0,"comment_status":"closed","ping_status":"closed","template":"","meta":{"footnotes":""},"class_list":["post-112892","page","type-page","status-publish","hentry"],"_links":{"self":[{"href":"https:\/\/www.magazinauto.com\/polovniautomobili\/wp-json\/wp\/v2\/pages\/112892","targetHints":{"allow":["GET"]}}],"collection":[{"href":"https:\/\/www.magazinauto.com\/polovniautomobili\/wp-json\/wp\/v2\/pages"}],"about":[{"href":"https:\/\/www.magazinauto.com\/polovniautomobili\/wp-json\/wp\/v2\/types\/page"}],"author":[{"embeddable":true,"href":"https:\/\/www.magazinauto.com\/polovniautomobili\/wp-json\/wp\/v2\/users\/6"}],"replies":[{"embeddable":true,"href":"https:\/\/www.magazinauto.com\/polovniautomobili\/wp-json\/wp\/v2\/comments?post=112892"}],"version-history":[{"count":0,"href":"https:\/\/www.magazinauto.com\/polovniautomobili\/wp-json\/wp\/v2\/pages\/112892\/revisions"}],"wp:attachment":[{"href":"https:\/\/www.magazinauto.com\/polovniautomobili\/wp-json\/wp\/v2\/media?parent=112892"}],"curies":[{"name":"wp","href":"https:\/\/api.w.org\/{rel}","templated":true}]}}